{"id":223,"date":"2023-09-19T03:06:25","date_gmt":"2023-09-19T03:06:25","guid":{"rendered":"https:\/\/landingpages.salestest.cloud\/?page_id=223"},"modified":"2024-01-07T07:57:58","modified_gmt":"2024-01-07T07:57:58","slug":"about-us","status":"publish","type":"page","link":"https:\/\/alinas.ca\/fr\/about-us\/","title":{"rendered":"About Us"},"content":{"rendered":"<div data-elementor-type=\"wp-page\" data-elementor-id=\"223\" class=\"elementor elementor-223\" data-elementor-post-type=\"page\">\n\t\t\t\t\t\t<section class=\"elementor-section elementor-top-section elementor-element elementor-element-713dec3 elementor-section-height-min-height elementor-section-content-middle elementor-section-boxed elementor-section-height-default elementor-section-items-middle\" data-id=\"713dec3\" data-element_type=\"section\" data-settings=\"{&quot;background_background&quot;:&quot;classic&quot;,&quot;ekit_has_onepagescroll_dot&quot;:&quot;yes&quot;}\">\n\t\t\t\t\t\t\t<div class=\"elementor-background-overlay\"><\/div>\n\t\t\t\t\t\t\t<div class=\"elementor-container elementor-column-gap-no\">\n\t\t\t\t\t<div class=\"elementor-column elementor-col-100 elementor-top-column elementor-element elementor-element-783d551f\" data-id=\"783d551f\" data-element_type=\"column\" data-settings=\"{&quot;background_background&quot;:&quot;classic&quot;}\">\n\t\t\t<div class=\"elementor-widget-wrap elementor-element-populated\">\n\t\t\t\t\t\t<div class=\"elementor-element elementor-element-184dad39 elementor-widget elementor-widget-heading\" data-id=\"184dad39\" data-element_type=\"widget\" data-settings=\"{&quot;ekit_we_effect_on&quot;:&quot;none&quot;}\" data-widget_type=\"heading.default\">\n\t\t\t\t<div class=\"elementor-widget-container\">\n\t\t\t<h1 class=\"elementor-heading-title elementor-size-default\">\u00c0 propos de nous<\/h1>\t\t<\/div>\n\t\t\t\t<\/div>\n\t\t\t\t\t<\/div>\n\t\t<\/div>\n\t\t\t\t\t<\/div>\n\t\t<\/section>\n\t\t\t\t<section class=\"elementor-section elementor-top-section elementor-element elementor-element-36230498 elementor-section-boxed elementor-section-height-default elementor-section-height-default\" data-id=\"36230498\" data-element_type=\"section\" data-settings=\"{&quot;ekit_has_onepagescroll_dot&quot;:&quot;yes&quot;}\">\n\t\t\t\t\t\t<div class=\"elementor-container elementor-column-gap-no\">\n\t\t\t\t\t<div class=\"elementor-column elementor-col-50 elementor-top-column elementor-element elementor-element-35c35db0\" data-id=\"35c35db0\" data-element_type=\"column\">\n\t\t\t<div class=\"elementor-widget-wrap elementor-element-populated\">\n\t\t\t\t\t\t<div class=\"elementor-element elementor-element-56bbce5a elementor-widget elementor-widget-elementskit-heading\" data-id=\"56bbce5a\" data-element_type=\"widget\" data-settings=\"{&quot;ekit_we_effect_on&quot;:&quot;none&quot;}\" data-widget_type=\"elementskit-heading.default\">\n\t\t\t\t<div class=\"elementor-widget-container\">\n\t\t\t<div class=\"ekit-wid-con\" ><div class=\"ekit-heading elementskit-section-title-wraper text_left   ekit_heading_tablet-   ekit_heading_mobile-\"><h3 class=\"elementskit-section-subtitle\">\n\t\t\t\t\t\tIntroduction\n\t\t\t\t\t<\/h3><h2 class=\"ekit-heading--title elementskit-section-title\">Une meilleure plateforme pour acheter en ligne !!<\/h2>\t\t\t\t<div class='ekit-heading__description'>\n\t\t\t\t\t<p>Bienvenue dans notre entreprise familiale, o\u00f9 la tradition rencontre l'excellence ! Depuis des g\u00e9n\u00e9rations, nous cultivons notre m\u00e9tier avec passion, insufflant un h\u00e9ritage de qualit\u00e9 et de d\u00e9vouement dans chaque aspect de ce que nous faisons. Notre engagement in\u00e9branlable \u00e0 fournir des produits et services de qualit\u00e9 sup\u00e9rieure \u00e0 des prix abordables est la pierre angulaire de notre philosophie. Au-del\u00e0 d'offrir une valeur exceptionnelle, nous sommes fiers d'entretenir des relations solides avec nos clients, en veillant \u00e0 ce que chaque interaction soit satisfaite avec les plus hauts standards de soins et de service. Rejoignez-nous dans ce voyage o\u00f9 l'essence des valeurs familiales et la passion pour la qualit\u00e9 convergent pour vous offrir une exp\u00e9rience in\u00e9gal\u00e9e.<\/p>\n\t\t\t\t<\/div>\n\t\t\t<\/div><\/div>\t\t<\/div>\n\t\t\t\t<\/div>\n\t\t\t\t\t<\/div>\n\t\t<\/div>\n\t\t\t\t<div class=\"elementor-column elementor-col-50 elementor-top-column elementor-element elementor-element-6dcfcdd\" data-id=\"6dcfcdd\" data-element_type=\"column\" data-settings=\"{&quot;background_background&quot;:&quot;classic&quot;}\">\n\t\t\t<div class=\"elementor-widget-wrap\">\n\t\t\t\t\t<div class=\"elementor-background-overlay\"><\/div>\n\t\t\t\t\t\t\t<\/div>\n\t\t<\/div>\n\t\t\t\t\t<\/div>\n\t\t<\/section>\n\t\t\t\t<\/div>","protected":false},"excerpt":{"rendered":"<p>About us Introduction A better platform to shop online !! Welcome to our family-owned business, where tradition meets excellence! For generations, we&#8217;ve passionately nurtured our craft, instilling a legacy of quality and dedication into every aspect of what we do. Our unwavering commitment to delivering superior products and services at affordable prices is a cornerstone &hellip;<\/p>\n<p class=\"read-more\"> <a class=\"\" href=\"https:\/\/alinas.ca\/fr\/about-us\/\"> <span class=\"screen-reader-text\">About Us<\/span> Read More &raquo;<\/a><\/p>","protected":false},"author":1,"featured_media":0,"parent":0,"menu_order":0,"comment_status":"closed","ping_status":"closed","template":"","meta":{"site-sidebar-layout":"no-sidebar","site-content-layout":"","ast-site-content-layout":"full-width-container","site-content-style":"default","site-sidebar-style":"default","ast-global-header-display":"","ast-banner-title-visibility":"","ast-main-header-display":"","ast-hfb-above-header-display":"","ast-hfb-below-header-display":"","ast-hfb-mobile-header-display":"","site-post-title":"disabled","ast-breadcrumbs-content":"","ast-featured-img":"disabled","footer-sml-layout":"","theme-transparent-header-meta":"","adv-header-id-meta":"","stick-header-meta":"","header-above-stick-meta":"","header-main-stick-meta":"","header-below-stick-meta":"","astra-migrate-meta-layouts":"","footnotes":""},"class_list":["post-223","page","type-page","status-publish","hentry"],"_links":{"self":[{"href":"https:\/\/alinas.ca\/fr\/wp-json\/wp\/v2\/pages\/223","targetHints":{"allow":["GET"]}}],"collection":[{"href":"https:\/\/alinas.ca\/fr\/wp-json\/wp\/v2\/pages"}],"about":[{"href":"https:\/\/alinas.ca\/fr\/wp-json\/wp\/v2\/types\/page"}],"author":[{"embeddable":true,"href":"https:\/\/alinas.ca\/fr\/wp-json\/wp\/v2\/users\/1"}],"replies":[{"embeddable":true,"href":"https:\/\/alinas.ca\/fr\/wp-json\/wp\/v2\/comments?post=223"}],"version-history":[{"count":19,"href":"https:\/\/alinas.ca\/fr\/wp-json\/wp\/v2\/pages\/223\/revisions"}],"predecessor-version":[{"id":766,"href":"https:\/\/alinas.ca\/fr\/wp-json\/wp\/v2\/pages\/223\/revisions\/766"}],"wp:attachment":[{"href":"https:\/\/alinas.ca\/fr\/wp-json\/wp\/v2\/media?parent=223"}],"curies":[{"name":"wp","href":"https:\/\/api.w.org\/{rel}","templated":true}]}}